{"id":388,"date":"2019-04-28T17:25:57","date_gmt":"2019-04-28T09:25:57","guid":{"rendered":"http:\/\/ambatogochine.com\/?page_id=388"},"modified":"2019-07-20T16:00:50","modified_gmt":"2019-07-20T08:00:50","slug":"laissez-passer","status":"publish","type":"page","link":"https:\/\/ambatogochine.com\/zh\/laissez-passer\/","title":{"rendered":"\u901a\u884c\u8bc1"},"content":{"rendered":"<div data-elementor-type=\"wp-post\" data-elementor-id=\"388\" class=\"elementor elementor-388\" data-elementor-post-type=\"page\">\n\t\t\t\t\t\t<section class=\"elementor-section elementor-top-section elementor-element elementor-element-1e235c8 elementor-section-boxed elementor-section-height-default elementor-section-height-default\" data-id=\"1e235c8\" data-element_type=\"section\" data-e-type=\"section\" data-settings=\"{&quot;background_background&quot;:&quot;classic&quot;}\">\n\t\t\t\t\t\t<div class=\"elementor-container elementor-column-gap-default\">\n\t\t\t\t\t<div class=\"elementor-column elementor-col-66 elementor-top-column elementor-element elementor-element-73f8122\" data-id=\"73f8122\" data-element_type=\"column\" data-e-type=\"column\">\n\t\t\t<div class=\"elementor-widget-wrap elementor-element-populated\">\n\t\t\t\t\t\t<div class=\"elementor-element elementor-element-d65cd3a elementor-alert-info elementor-widget elementor-widget-alert\" data-id=\"d65cd3a\" data-element_type=\"widget\" data-e-type=\"widget\" data-widget_type=\"alert.default\">\n\t\t\t\t<div class=\"elementor-widget-container\">\n\t\t\t\t\t\t\t<div class=\"elementor-alert\" role=\"alert\">\n\n\t\t\t\t\t\t<span class=\"elementor-alert-title\">Information<\/span>\n\t\t\t\n\t\t\t\t\t\t<span class=\"elementor-alert-description\">Le Laissez-passer est un titre de voyage exceptionnel d\u00e9livr\u00e9 dans des conditions particuli\u00e8res et valable uniquement pour un Aller Simple, uniquement \u00e0 destination du Togo.\n<b>Le voyage devra obligatoirement s\u2019effectuer dans un d\u00e9lai de 90 jours \u00e0 compter de la date<\/b> <b>de d\u00e9livrance du<\/b> <b>\u901a\u884c\u8bc1<\/b>.\n<\/span>\n\t\t\t\n\t\t\t\n\t\t<\/div>\n\t\t\t\t\t\t<\/div>\n\t\t\t\t<\/div>\n\t\t\t\t\t<\/div>\n\t\t<\/div>\n\t\t\t\t<div class=\"elementor-column elementor-col-33 elementor-top-column elementor-element elementor-element-2e8f7f0\" data-id=\"2e8f7f0\" data-element_type=\"column\" data-e-type=\"column\">\n\t\t\t<div class=\"elementor-widget-wrap elementor-element-populated\">\n\t\t\t\t\t\t<div class=\"elementor-element elementor-element-1e84405 elementor-widget elementor-widget-image\" data-id=\"1e84405\" data-element_type=\"widget\" data-e-type=\"widget\" data-widget_type=\"image.default\">\n\t\t\t\t<div class=\"elementor-widget-container\">\n\t\t\t\t\t\t\t\t\t\t\t\t\t\t\t<img fetchpriority=\"high\" width=\"614\" height=\"402\"  class=\"attachment-large size-large wp-image-405 lws-optimize-lazyload\" alt=\"\" srcset=\"https:\/\/ambatogochine.com\/wp-content\/uploads\/2019\/04\/Laissez-passez.png 614w, https:\/\/ambatogochine.com\/wp-content\/uploads\/2019\/04\/Laissez-passez-300x196.png 300w, https:\/\/ambatogochine.com\/wp-content\/uploads\/2019\/04\/Laissez-passez-16x10.png 16w\" sizes=\"(max-width: 614px) 100vw, 614px\" >\t\t\t\t\t\t\t\t\t\t\t\t\t\t\t<\/div>\n\t\t\t\t<\/div>\n\t\t\t\t\t<\/div>\n\t\t<\/div>\n\t\t\t\t\t<\/div>\n\t\t<\/section>\n\t\t\t\t<section class=\"elementor-section elementor-top-section elementor-element elementor-element-5d9e07d elementor-section-boxed elementor-section-height-default elementor-section-height-default\" data-id=\"5d9e07d\" data-element_type=\"section\" data-e-type=\"section\">\n\t\t\t\t\t\t<div class=\"elementor-container elementor-column-gap-default\">\n\t\t\t\t\t<div class=\"elementor-column elementor-col-100 elementor-top-column elementor-element elementor-element-8be3231\" data-id=\"8be3231\" data-element_type=\"column\" data-e-type=\"column\">\n\t\t\t<div class=\"elementor-widget-wrap elementor-element-populated\">\n\t\t\t\t\t\t<div class=\"elementor-element elementor-element-591f911 elementor-widget elementor-widget-heading\" data-id=\"591f911\" data-element_type=\"widget\" data-e-type=\"widget\" data-widget_type=\"heading.default\">\n\t\t\t\t<div class=\"elementor-widget-container\">\n\t\t\t\t\t<h2 class=\"elementor-heading-title elementor-size-default\">Pi\u00e8ces \u00e0 fournir:<\/h2>\t\t\t\t<\/div>\n\t\t\t\t<\/div>\n\t\t\t\t\t<\/div>\n\t\t<\/div>\n\t\t\t\t\t<\/div>\n\t\t<\/section>\n\t\t\t\t<section class=\"elementor-section elementor-top-section elementor-element elementor-element-ce20824 elementor-section-boxed elementor-section-height-default elementor-section-height-default\" data-id=\"ce20824\" data-element_type=\"section\" data-e-type=\"section\">\n\t\t\t\t\t\t<div class=\"elementor-container elementor-column-gap-default\">\n\t\t\t\t\t<div class=\"elementor-column elementor-col-100 elementor-top-column elementor-element elementor-element-85ff12a\" data-id=\"85ff12a\" data-element_type=\"column\" data-e-type=\"column\">\n\t\t\t<div class=\"elementor-widget-wrap elementor-element-populated\">\n\t\t\t\t\t\t<div class=\"elementor-element elementor-element-0c22f88 elementor-icon-list--layout-traditional elementor-list-item-link-full_width elementor-widget elementor-widget-icon-list\" data-id=\"0c22f88\" data-element_type=\"widget\" data-e-type=\"widget\" data-widget_type=\"icon-list.default\">\n\t\t\t\t<div class=\"elementor-widget-container\">\n\t\t\t\t\t\t\t<ul class=\"elementor-icon-list-items\">\n\t\t\t\t\t\t\t<li class=\"elementor-icon-list-item\">\n\t\t\t\t\t\t\t\t\t\t\t<span class=\"elementor-icon-list-icon\">\n\t\t\t\t\t\t\t\t\t\t\t\t\t\t\t\t<i class=\"fa fa-first-order\" aria-hidden=\"true\"><\/i>\n\t\t\t\t\t\t\t\t\t\t\t\t\t<\/span>\n\t\t\t\t\t\t\t\t\t\t<span class=\"elementor-icon-list-text\">une demande motiv\u00e9e adress\u00e9e \u00e0 l'ambassade;<\/span>\n\t\t\t\t\t\t\t\t\t<\/li>\n\t\t\t\t\t\t\t\t<li class=\"elementor-icon-list-item\">\n\t\t\t\t\t\t\t\t\t\t\t<span class=\"elementor-icon-list-icon\">\n\t\t\t\t\t\t\t\t\t\t\t\t\t\t\t\t<i class=\"fa fa-first-order\" aria-hidden=\"true\"><\/i>\n\t\t\t\t\t\t\t\t\t\t\t\t\t<\/span>\n\t\t\t\t\t\t\t\t\t\t<span class=\"elementor-icon-list-text\">une (01) copie de la premi\u00e8re page du passeport  du demandeur;<\/span>\n\t\t\t\t\t\t\t\t\t<\/li>\n\t\t\t\t\t\t\t\t<li class=\"elementor-icon-list-item\">\n\t\t\t\t\t\t\t\t\t\t\t<span class=\"elementor-icon-list-icon\">\n\t\t\t\t\t\t\t\t\t\t\t\t\t\t\t\t<i class=\"fa fa-first-order\" aria-hidden=\"true\"><\/i>\n\t\t\t\t\t\t\t\t\t\t\t\t\t<\/span>\n\t\t\t\t\t\t\t\t\t\t<span class=\"elementor-icon-list-text\">une (01) copie du certificat de nationalit\u00e9 du demandeur; <\/span>\n\t\t\t\t\t\t\t\t\t<\/li>\n\t\t\t\t\t\t\t\t<li class=\"elementor-icon-list-item\">\n\t\t\t\t\t\t\t\t\t\t\t<span class=\"elementor-icon-list-icon\">\n\t\t\t\t\t\t\t\t\t\t\t\t\t\t\t\t<i class=\"fa fa-first-order\" aria-hidden=\"true\"><\/i>\n\t\t\t\t\t\t\t\t\t\t\t\t\t<\/span>\n\t\t\t\t\t\t\t\t\t\t<span class=\"elementor-icon-list-text\">deux (2) photos d\u2019identit\u00e9;<\/span>\n\t\t\t\t\t\t\t\t\t<\/li>\n\t\t\t\t\t\t\t\t<li class=\"elementor-icon-list-item\">\n\t\t\t\t\t\t\t\t\t\t\t<span class=\"elementor-icon-list-icon\">\n\t\t\t\t\t\t\t\t\t\t\t\t\t\t\t\t<i class=\"fa fa-first-order\" aria-hidden=\"true\"><\/i>\n\t\t\t\t\t\t\t\t\t\t\t\t\t<\/span>\n\t\t\t\t\t\t\t\t\t\t<span class=\"elementor-icon-list-text\">une (01) attestation de personne \u00e0 pr\u00e9venir (\u00e0 l\u00e9galiser) ;<\/span>\n\t\t\t\t\t\t\t\t\t<\/li>\n\t\t\t\t\t\t<\/ul>\n\t\t\t\t\t\t<\/div>\n\t\t\t\t<\/div>\n\t\t\t\t\t<\/div>\n\t\t<\/div>\n\t\t\t\t\t<\/div>\n\t\t<\/section>\n\t\t\t\t<section class=\"elementor-section elementor-top-section elementor-element elementor-element-1ab72aa elementor-section-boxed elementor-section-height-default elementor-section-height-default\" data-id=\"1ab72aa\" data-element_type=\"section\" data-e-type=\"section\">\n\t\t\t\t\t\t<div class=\"elementor-container elementor-column-gap-default\">\n\t\t\t\t\t<div class=\"elementor-column elementor-col-100 elementor-top-column elementor-element elementor-element-4c42bc2\" data-id=\"4c42bc2\" data-element_type=\"column\" data-e-type=\"column\">\n\t\t\t<div class=\"elementor-widget-wrap elementor-element-populated\">\n\t\t\t\t\t\t<div class=\"elementor-element elementor-element-1af4495 elementor-widget elementor-widget-heading\" data-id=\"1af4495\" data-element_type=\"widget\" data-e-type=\"widget\" data-widget_type=\"heading.default\">\n\t\t\t\t<div class=\"elementor-widget-container\">\n\t\t\t\t\t<h2 class=\"elementor-heading-title elementor-size-default\">Frais de traitement de dossier :   300 RMB<\/h2>\t\t\t\t<\/div>\n\t\t\t\t<\/div>\n\t\t\t\t\t<\/div>\n\t\t<\/div>\n\t\t\t\t\t<\/div>\n\t\t<\/section>\n\t\t\t\t<section class=\"elementor-section elementor-top-section elementor-element elementor-element-7389779 elementor-section-boxed elementor-section-height-default elementor-section-height-default\" data-id=\"7389779\" data-element_type=\"section\" data-e-type=\"section\">\n\t\t\t\t\t\t<div class=\"elementor-container elementor-column-gap-default\">\n\t\t\t\t\t<div class=\"elementor-column elementor-col-100 elementor-top-column elementor-element elementor-element-2f3608c\" data-id=\"2f3608c\" data-element_type=\"column\" data-e-type=\"column\">\n\t\t\t<div class=\"elementor-widget-wrap elementor-element-populated\">\n\t\t\t\t\t\t<div class=\"elementor-element elementor-element-f082795 elementor-widget-divider--view-line elementor-widget elementor-widget-divider\" data-id=\"f082795\" data-element_type=\"widget\" data-e-type=\"widget\" data-widget_type=\"divider.default\">\n\t\t\t\t<div class=\"elementor-widget-container\">\n\t\t\t\t\t\t\t<div class=\"elementor-divider\">\n\t\t\t<span class=\"elementor-divider-separator\">\n\t\t\t\t\t\t<\/span>\n\t\t<\/div>\n\t\t\t\t\t\t<\/div>\n\t\t\t\t<\/div>\n\t\t\t\t\t<\/div>\n\t\t<\/div>\n\t\t\t\t\t<\/div>\n\t\t<\/section>\n\t\t\t\t<section class=\"elementor-section elementor-top-section elementor-element elementor-element-dfddbab elementor-section-boxed elementor-section-height-default elementor-section-height-default\" data-id=\"dfddbab\" data-element_type=\"section\" data-e-type=\"section\">\n\t\t\t\t\t\t<div class=\"elementor-container elementor-column-gap-default\">\n\t\t\t\t\t<div class=\"elementor-column elementor-col-100 elementor-top-column elementor-element elementor-element-77c542e\" data-id=\"77c542e\" data-element_type=\"column\" data-e-type=\"column\">\n\t\t\t<div class=\"elementor-widget-wrap elementor-element-populated\">\n\t\t\t\t\t\t<div class=\"elementor-element elementor-element-cbe7b6c elementor-widget elementor-widget-heading\" data-id=\"cbe7b6c\" data-element_type=\"widget\" data-e-type=\"widget\" data-widget_type=\"heading.default\">\n\t\t\t\t<div class=\"elementor-widget-container\">\n\t\t\t\t\t<h2 class=\"elementor-heading-title elementor-size-default\"><u>\u6ce8\u610f<\/u>: Le Laissez-Passer <\/h2>\t\t\t\t<\/div>\n\t\t\t\t<\/div>\n\t\t\t\t\t<\/div>\n\t\t<\/div>\n\t\t\t\t\t<\/div>\n\t\t<\/section>\n\t\t\t\t<section class=\"elementor-section elementor-top-section elementor-element elementor-element-20ea22f elementor-section-boxed elementor-section-height-default elementor-section-height-default\" data-id=\"20ea22f\" data-element_type=\"section\" data-e-type=\"section\">\n\t\t\t\t\t\t<div class=\"elementor-container elementor-column-gap-default\">\n\t\t\t\t\t<div class=\"elementor-column elementor-col-100 elementor-top-column elementor-element elementor-element-b707dee\" data-id=\"b707dee\" data-element_type=\"column\" data-e-type=\"column\">\n\t\t\t<div class=\"elementor-widget-wrap elementor-element-populated\">\n\t\t\t\t\t\t<div class=\"elementor-element elementor-element-225cf96 elementor-icon-list--layout-traditional elementor-list-item-link-full_width elementor-widget elementor-widget-icon-list\" data-id=\"225cf96\" data-element_type=\"widget\" data-e-type=\"widget\" data-widget_type=\"icon-list.default\">\n\t\t\t\t<div class=\"elementor-widget-container\">\n\t\t\t\t\t\t\t<ul class=\"elementor-icon-list-items\">\n\t\t\t\t\t\t\t<li class=\"elementor-icon-list-item\">\n\t\t\t\t\t\t\t\t\t\t\t<span class=\"elementor-icon-list-icon\">\n\t\t\t\t\t\t\t\t\t\t\t\t\t\t\t\t<i class=\"fa fa-exclamation-triangle\" aria-hidden=\"true\"><\/i>\n\t\t\t\t\t\t\t\t\t\t\t\t\t<\/span>\n\t\t\t\t\t\t\t\t\t\t<span class=\"elementor-icon-list-text\">tient lieu de passeport pour une seule entr\u00e9e<\/span>\n\t\t\t\t\t\t\t\t\t<\/li>\n\t\t\t\t\t\t\t\t<li class=\"elementor-icon-list-item\">\n\t\t\t\t\t\t\t\t\t\t\t<span class=\"elementor-icon-list-icon\">\n\t\t\t\t\t\t\t\t\t\t\t\t\t\t\t\t<i class=\"fa fa-exclamation-triangle\" aria-hidden=\"true\"><\/i>\n\t\t\t\t\t\t\t\t\t\t\t\t\t<\/span>\n\t\t\t\t\t\t\t\t\t\t<span class=\"elementor-icon-list-text\"> n\u2019est valable que pour trois (3) mois \u00e0 compter de la date de sa d\u00e9livrance<\/span>\n\t\t\t\t\t\t\t\t\t<\/li>\n\t\t\t\t\t\t<\/ul>\n\t\t\t\t\t\t<\/div>\n\t\t\t\t<\/div>\n\t\t\t\t\t<\/div>\n\t\t<\/div>\n\t\t\t\t\t<\/div>\n\t\t<\/section>\n\t\t\t\t<section class=\"elementor-section elementor-top-section elementor-element elementor-element-901c9b2 elementor-section-boxed elementor-section-height-default elementor-section-height-default\" data-id=\"901c9b2\" data-element_type=\"section\" data-e-type=\"section\">\n\t\t\t\t\t\t<div class=\"elementor-container elementor-column-gap-default\">\n\t\t\t\t\t<div class=\"elementor-column elementor-col-100 elementor-top-column elementor-element elementor-element-dc2a661\" data-id=\"dc2a661\" data-element_type=\"column\" data-e-type=\"column\">\n\t\t\t<div class=\"elementor-widget-wrap elementor-element-populated\">\n\t\t\t\t\t\t<div class=\"elementor-element elementor-element-82be2d9 elementor-widget elementor-widget-spacer\" data-id=\"82be2d9\" data-element_type=\"widget\" data-e-type=\"widget\" data-widget_type=\"spacer.default\">\n\t\t\t\t<div class=\"elementor-widget-container\">\n\t\t\t\t\t\t\t<div class=\"elementor-spacer\">\n\t\t\t<div class=\"elementor-spacer-inner\"><\/div>\n\t\t<\/div>\n\t\t\t\t\t\t<\/div>\n\t\t\t\t<\/div>\n\t\t\t\t\t<\/div>\n\t\t<\/div>\n\t\t\t\t\t<\/div>\n\t\t<\/section>\n\t\t\t\t<section class=\"elementor-section elementor-top-section elementor-element elementor-element-5cae949 elementor-section-boxed elementor-section-height-default elementor-section-height-default\" data-id=\"5cae949\" data-element_type=\"section\" data-e-type=\"section\">\n\t\t\t\t\t\t<div class=\"elementor-container elementor-column-gap-default\">\n\t\t\t\t\t<div class=\"elementor-column elementor-col-100 elementor-top-column elementor-element elementor-element-ce40362\" data-id=\"ce40362\" data-element_type=\"column\" data-e-type=\"column\">\n\t\t\t<div class=\"elementor-widget-wrap elementor-element-populated\">\n\t\t\t\t\t\t<div class=\"elementor-element elementor-element-d7c815c elementor-view-default elementor-position-block-start elementor-mobile-position-block-start elementor-widget elementor-widget-icon-box\" data-id=\"d7c815c\" data-element_type=\"widget\" data-e-type=\"widget\" data-widget_type=\"icon-box.default\">\n\t\t\t\t<div class=\"elementor-widget-container\">\n\t\t\t\t\t\t\t<div class=\"elementor-icon-box-wrapper\">\n\n\t\t\t\t\t\t<div class=\"elementor-icon-box-icon\">\n\t\t\t\t<span  class=\"elementor-icon\">\n\t\t\t\t<i class=\"fa fa-download\" aria-hidden=\"true\"><\/i>\t\t\t\t<\/span>\n\t\t\t<\/div>\n\t\t\t\n\t\t\t\t\t\t<div class=\"elementor-icon-box-content\">\n\n\t\t\t\t\t\t\t\t\t<h3 class=\"elementor-icon-box-title\">\n\t\t\t\t\t\t<span  >\n\t\t\t\t\t\t\tT\u00e9l\u00e9charger le Formulaire de demande de Laissez-Passer.\t\t\t\t\t\t<\/span>\n\t\t\t\t\t<\/h3>\n\t\t\t\t\n\t\t\t\t\n\t\t\t<\/div>\n\t\t\t\n\t\t<\/div>\n\t\t\t\t\t\t<\/div>\n\t\t\t\t<\/div>\n\t\t\t\t\t<\/div>\n\t\t<\/div>\n\t\t\t\t\t<\/div>\n\t\t<\/section>\n\t\t\t\t<\/div>","protected":false},"excerpt":{"rendered":"<div class=\"mh-excerpt\"><p>Information Le Laissez-passer est un titre de voyage exceptionnel d\u00e9livr\u00e9 dans des conditions particuli\u00e8res et valable uniquement pour un Aller Simple, uniquement \u00e0 destination du Togo. Le voyage devra obligatoirement s\u2019effectuer dans un d\u00e9lai de <a class=\"mh-excerpt-more\" href=\"https:\/\/ambatogochine.com\/zh\/laissez-passer\/\" title=\"\u901a\u884c\u8bc1\">[&#8230;]<\/a><\/p>\n<\/div>","protected":false},"author":4,"featured_media":0,"parent":0,"menu_order":0,"comment_status":"closed","ping_status":"closed","template":"","meta":{"footnotes":""},"class_list":["post-388","page","type-page","status-publish"],"yoast_head":"<!-- This site is optimized with the Yoast SEO plugin v26.7 - https:\/\/yoast.com\/wordpress\/plugins\/seo\/ -->\n<title>Laissez-passer - Ambassade du Togo en Chine \/ Embassy of Togo in China<\/title>\n<meta name=\"robots\" content=\"index, follow, max-snippet:-1, max-image-preview:large, max-video-preview:-1\" \/>\n<link rel=\"canonical\" href=\"https:\/\/ambatogochine.com\/zh\/laissez-passer\/\" \/>\n<meta property=\"og:locale\" content=\"zh_CN\" \/>\n<meta property=\"og:type\" content=\"article\" \/>\n<meta property=\"og:title\" content=\"Laissez-passer - Ambassade du Togo en Chine \/ Embassy of Togo in China\" \/>\n<meta property=\"og:description\" content=\"Information Le Laissez-passer est un titre de voyage exceptionnel d\u00e9livr\u00e9 dans des conditions particuli\u00e8res et valable uniquement pour un Aller Simple, uniquement \u00e0 destination du Togo. Le voyage devra obligatoirement s\u2019effectuer dans un d\u00e9lai de [...]\" \/>\n<meta property=\"og:url\" content=\"https:\/\/ambatogochine.com\/zh\/laissez-passer\/\" \/>\n<meta property=\"og:site_name\" content=\"Ambassade du Togo en Chine \/ Embassy of Togo in China\" \/>\n<meta property=\"article:modified_time\" content=\"2019-07-20T08:00:50+00:00\" \/>\n<meta property=\"og:image\" content=\"http:\/\/ambatogochine.com\/wp-content\/uploads\/2019\/04\/Laissez-passez.png\" \/>\n<meta name=\"twitter:label1\" content=\"\u9884\u8ba1\u9605\u8bfb\u65f6\u95f4\" \/>\n\t<meta name=\"twitter:data1\" content=\"1 \u5206\" \/>\n<script type=\"application\/ld+json\" class=\"yoast-schema-graph\">{\"@context\":\"https:\/\/schema.org\",\"@graph\":[{\"@type\":\"WebPage\",\"@id\":\"https:\/\/ambatogochine.com\/zh\/laissez-passer\/\",\"url\":\"https:\/\/ambatogochine.com\/zh\/laissez-passer\/\",\"name\":\"Laissez-passer - Ambassade du Togo en Chine \/ Embassy of Togo in China\",\"isPartOf\":{\"@id\":\"https:\/\/ambatogochine.com\/#website\"},\"primaryImageOfPage\":{\"@id\":\"https:\/\/ambatogochine.com\/zh\/laissez-passer\/#primaryimage\"},\"image\":{\"@id\":\"https:\/\/ambatogochine.com\/zh\/laissez-passer\/#primaryimage\"},\"thumbnailUrl\":\"http:\/\/ambatogochine.com\/wp-content\/uploads\/2019\/04\/Laissez-passez.png\",\"datePublished\":\"2019-04-28T09:25:57+00:00\",\"dateModified\":\"2019-07-20T08:00:50+00:00\",\"breadcrumb\":{\"@id\":\"https:\/\/ambatogochine.com\/zh\/laissez-passer\/#breadcrumb\"},\"inLanguage\":\"zh-Hans\",\"potentialAction\":[{\"@type\":\"ReadAction\",\"target\":[\"https:\/\/ambatogochine.com\/zh\/laissez-passer\/\"]}]},{\"@type\":\"ImageObject\",\"inLanguage\":\"zh-Hans\",\"@id\":\"https:\/\/ambatogochine.com\/zh\/laissez-passer\/#primaryimage\",\"url\":\"http:\/\/ambatogochine.com\/wp-content\/uploads\/2019\/04\/Laissez-passez.png\",\"contentUrl\":\"http:\/\/ambatogochine.com\/wp-content\/uploads\/2019\/04\/Laissez-passez.png\"},{\"@type\":\"BreadcrumbList\",\"@id\":\"https:\/\/ambatogochine.com\/zh\/laissez-passer\/#breadcrumb\",\"itemListElement\":[{\"@type\":\"ListItem\",\"position\":1,\"name\":\"Accueil\",\"item\":\"https:\/\/ambatogochine.com\/\"},{\"@type\":\"ListItem\",\"position\":2,\"name\":\"Laissez-passer\"}]},{\"@type\":\"WebSite\",\"@id\":\"https:\/\/ambatogochine.com\/#website\",\"url\":\"https:\/\/ambatogochine.com\/\",\"name\":\"Ambassade du Togo en Chine | Embassy of Togo in China\",\"description\":\"Contact de l&#039;Ambassade du Togo en Chine \/ Contact of Embassy of Togo in China\",\"publisher\":{\"@id\":\"https:\/\/ambatogochine.com\/#organization\"},\"potentialAction\":[{\"@type\":\"SearchAction\",\"target\":{\"@type\":\"EntryPoint\",\"urlTemplate\":\"https:\/\/ambatogochine.com\/?s={search_term_string}\"},\"query-input\":{\"@type\":\"PropertyValueSpecification\",\"valueRequired\":true,\"valueName\":\"search_term_string\"}}],\"inLanguage\":\"zh-Hans\"},{\"@type\":\"Organization\",\"@id\":\"https:\/\/ambatogochine.com\/#organization\",\"name\":\"Ambassade du Togo en Chine \/ Embassy of Togo in China\",\"url\":\"https:\/\/ambatogochine.com\/\",\"logo\":{\"@type\":\"ImageObject\",\"inLanguage\":\"zh-Hans\",\"@id\":\"https:\/\/ambatogochine.com\/#\/schema\/logo\/image\/\",\"url\":\"https:\/\/ambatogochine.com\/wp-content\/uploads\/2019\/05\/Armoirie.png\",\"contentUrl\":\"https:\/\/ambatogochine.com\/wp-content\/uploads\/2019\/05\/Armoirie.png\",\"width\":512,\"height\":599,\"caption\":\"Ambassade du Togo en Chine \/ Embassy of Togo in China\"},\"image\":{\"@id\":\"https:\/\/ambatogochine.com\/#\/schema\/logo\/image\/\"}}]}<\/script>\n<!-- \/ Yoast SEO plugin. -->","yoast_head_json":{"title":"Laissez-passer - Ambassade du Togo en Chine \/ Embassy of Togo in China","robots":{"index":"index","follow":"follow","max-snippet":"max-snippet:-1","max-image-preview":"max-image-preview:large","max-video-preview":"max-video-preview:-1"},"canonical":"https:\/\/ambatogochine.com\/zh\/laissez-passer\/","og_locale":"zh_CN","og_type":"article","og_title":"Laissez-passer - Ambassade du Togo en Chine \/ Embassy of Togo in China","og_description":"Information Le Laissez-passer est un titre de voyage exceptionnel d\u00e9livr\u00e9 dans des conditions particuli\u00e8res et valable uniquement pour un Aller Simple, uniquement \u00e0 destination du Togo. Le voyage devra obligatoirement s\u2019effectuer dans un d\u00e9lai de [...]","og_url":"https:\/\/ambatogochine.com\/zh\/laissez-passer\/","og_site_name":"Ambassade du Togo en Chine \/ Embassy of Togo in China","article_modified_time":"2019-07-20T08:00:50+00:00","og_image":[{"url":"http:\/\/ambatogochine.com\/wp-content\/uploads\/2019\/04\/Laissez-passez.png","type":"","width":"","height":""}],"twitter_misc":{"\u9884\u8ba1\u9605\u8bfb\u65f6\u95f4":"1 \u5206"},"schema":{"@context":"https:\/\/schema.org","@graph":[{"@type":"WebPage","@id":"https:\/\/ambatogochine.com\/zh\/laissez-passer\/","url":"https:\/\/ambatogochine.com\/zh\/laissez-passer\/","name":"Laissez-passer - Ambassade du Togo en Chine \/ Embassy of Togo in China","isPartOf":{"@id":"https:\/\/ambatogochine.com\/#website"},"primaryImageOfPage":{"@id":"https:\/\/ambatogochine.com\/zh\/laissez-passer\/#primaryimage"},"image":{"@id":"https:\/\/ambatogochine.com\/zh\/laissez-passer\/#primaryimage"},"thumbnailUrl":"http:\/\/ambatogochine.com\/wp-content\/uploads\/2019\/04\/Laissez-passez.png","datePublished":"2019-04-28T09:25:57+00:00","dateModified":"2019-07-20T08:00:50+00:00","breadcrumb":{"@id":"https:\/\/ambatogochine.com\/zh\/laissez-passer\/#breadcrumb"},"inLanguage":"zh-Hans","potentialAction":[{"@type":"ReadAction","target":["https:\/\/ambatogochine.com\/zh\/laissez-passer\/"]}]},{"@type":"ImageObject","inLanguage":"zh-Hans","@id":"https:\/\/ambatogochine.com\/zh\/laissez-passer\/#primaryimage","url":"http:\/\/ambatogochine.com\/wp-content\/uploads\/2019\/04\/Laissez-passez.png","contentUrl":"http:\/\/ambatogochine.com\/wp-content\/uploads\/2019\/04\/Laissez-passez.png"},{"@type":"BreadcrumbList","@id":"https:\/\/ambatogochine.com\/zh\/laissez-passer\/#breadcrumb","itemListElement":[{"@type":"ListItem","position":1,"name":"Accueil","item":"https:\/\/ambatogochine.com\/"},{"@type":"ListItem","position":2,"name":"Laissez-passer"}]},{"@type":"WebSite","@id":"https:\/\/ambatogochine.com\/#website","url":"https:\/\/ambatogochine.com\/","name":"Ambassade du Togo en Chine | Embassy of Togo in China","description":"Contact de l&#039;Ambassade du Togo en Chine \/ Contact of Embassy of Togo in China","publisher":{"@id":"https:\/\/ambatogochine.com\/#organization"},"potentialAction":[{"@type":"SearchAction","target":{"@type":"EntryPoint","urlTemplate":"https:\/\/ambatogochine.com\/?s={search_term_string}"},"query-input":{"@type":"PropertyValueSpecification","valueRequired":true,"valueName":"search_term_string"}}],"inLanguage":"zh-Hans"},{"@type":"Organization","@id":"https:\/\/ambatogochine.com\/#organization","name":"Ambassade du Togo en Chine \/ Embassy of Togo in China","url":"https:\/\/ambatogochine.com\/","logo":{"@type":"ImageObject","inLanguage":"zh-Hans","@id":"https:\/\/ambatogochine.com\/#\/schema\/logo\/image\/","url":"https:\/\/ambatogochine.com\/wp-content\/uploads\/2019\/05\/Armoirie.png","contentUrl":"https:\/\/ambatogochine.com\/wp-content\/uploads\/2019\/05\/Armoirie.png","width":512,"height":599,"caption":"Ambassade du Togo en Chine \/ Embassy of Togo in China"},"image":{"@id":"https:\/\/ambatogochine.com\/#\/schema\/logo\/image\/"}}]}},"_links":{"self":[{"href":"https:\/\/ambatogochine.com\/zh\/wp-json\/wp\/v2\/pages\/388","targetHints":{"allow":["GET"]}}],"collection":[{"href":"https:\/\/ambatogochine.com\/zh\/wp-json\/wp\/v2\/pages"}],"about":[{"href":"https:\/\/ambatogochine.com\/zh\/wp-json\/wp\/v2\/types\/page"}],"author":[{"embeddable":true,"href":"https:\/\/ambatogochine.com\/zh\/wp-json\/wp\/v2\/users\/4"}],"replies":[{"embeddable":true,"href":"https:\/\/ambatogochine.com\/zh\/wp-json\/wp\/v2\/comments?post=388"}],"version-history":[{"count":0,"href":"https:\/\/ambatogochine.com\/zh\/wp-json\/wp\/v2\/pages\/388\/revisions"}],"wp:attachment":[{"href":"https:\/\/ambatogochine.com\/zh\/wp-json\/wp\/v2\/media?parent=388"}],"curies":[{"name":"wp","href":"https:\/\/api.w.org\/{rel}","templated":true}]}}