{"id":374,"date":"2019-04-28T16:10:34","date_gmt":"2019-04-28T08:10:34","guid":{"rendered":"http:\/\/ambatogochine.com\/?page_id=374"},"modified":"2020-02-07T00:47:45","modified_gmt":"2020-02-06T16:47:45","slug":"cartes-consulaires","status":"publish","type":"page","link":"https:\/\/ambatogochine.com\/zh\/cartes-consulaires\/","title":{"rendered":"\u9886\u4e8b\u5361"},"content":{"rendered":"<div data-elementor-type=\"wp-post\" data-elementor-id=\"374\" class=\"elementor elementor-374\" data-elementor-post-type=\"page\">\n\t\t\t\t\t\t<section class=\"elementor-section elementor-top-section elementor-element elementor-element-5222203 elementor-section-boxed elementor-section-height-default elementor-section-height-default\" data-id=\"5222203\" data-element_type=\"section\" data-e-type=\"section\">\n\t\t\t\t\t\t<div class=\"elementor-container elementor-column-gap-default\">\n\t\t\t\t\t<div class=\"elementor-column elementor-col-66 elementor-top-column elementor-element elementor-element-b33ee84\" data-id=\"b33ee84\" data-element_type=\"column\" data-e-type=\"column\">\n\t\t\t<div class=\"elementor-widget-wrap elementor-element-populated\">\n\t\t\t\t\t\t<div class=\"elementor-element elementor-element-3fed12e elementor-alert-info elementor-widget elementor-widget-alert\" data-id=\"3fed12e\" data-element_type=\"widget\" data-e-type=\"widget\" data-widget_type=\"alert.default\">\n\t\t\t\t<div class=\"elementor-widget-container\">\n\t\t\t\t\t\t\t<div class=\"elementor-alert\" role=\"alert\">\n\n\t\t\t\t\t\t<span class=\"elementor-alert-title\">Infos ! <\/span>\n\t\t\t\n\t\t\t\t\t\t<span class=\"elementor-alert-description\">Elle est obligatoire pour toute personne devant r\u00e9sider plus de trois mois dans l\u2019un des pays de la juridiction de l\u2019Ambassade.<\/span>\n\t\t\t\n\t\t\t\n\t\t<\/div>\n\t\t\t\t\t\t<\/div>\n\t\t\t\t<\/div>\n\t\t\t\t\t<\/div>\n\t\t<\/div>\n\t\t\t\t<div class=\"elementor-column elementor-col-33 elementor-top-column elementor-element elementor-element-fdf16a8\" data-id=\"fdf16a8\" data-element_type=\"column\" data-e-type=\"column\">\n\t\t\t<div class=\"elementor-widget-wrap elementor-element-populated\">\n\t\t\t\t\t\t<div class=\"elementor-element elementor-element-05ab835 elementor-widget elementor-widget-image\" data-id=\"05ab835\" data-element_type=\"widget\" data-e-type=\"widget\" data-widget_type=\"image.default\">\n\t\t\t\t<div class=\"elementor-widget-container\">\n\t\t\t\t\t\t\t\t\t\t\t\t\t\t\t<img fetchpriority=\"high\" width=\"300\" height=\"209\"  class=\"attachment-medium size-medium wp-image-380 lws-optimize-lazyload\" alt=\"\" srcset=\"https:\/\/ambatogochine.com\/wp-content\/uploads\/2019\/04\/ID-consular-card-300x209.png 300w, https:\/\/ambatogochine.com\/wp-content\/uploads\/2019\/04\/ID-consular-card-768x535.png 768w, https:\/\/ambatogochine.com\/wp-content\/uploads\/2019\/04\/ID-consular-card-16x12.png 16w, https:\/\/ambatogochine.com\/wp-content\/uploads\/2019\/04\/ID-consular-card.png 936w\" sizes=\"(max-width: 300px) 100vw, 300px\" >\t\t\t\t\t\t\t\t\t\t\t\t\t\t\t<\/div>\n\t\t\t\t<\/div>\n\t\t\t\t\t<\/div>\n\t\t<\/div>\n\t\t\t\t\t<\/div>\n\t\t<\/section>\n\t\t\t\t<section class=\"elementor-section elementor-top-section elementor-element elementor-element-d11e439 elementor-section-boxed elementor-section-height-default elementor-section-height-default\" data-id=\"d11e439\" data-element_type=\"section\" data-e-type=\"section\">\n\t\t\t\t\t\t<div class=\"elementor-container elementor-column-gap-default\">\n\t\t\t\t\t<div class=\"elementor-column elementor-col-100 elementor-top-column elementor-element elementor-element-f945a6f\" data-id=\"f945a6f\" data-element_type=\"column\" data-e-type=\"column\">\n\t\t\t<div class=\"elementor-widget-wrap elementor-element-populated\">\n\t\t\t\t\t\t<div class=\"elementor-element elementor-element-1878a26 elementor-widget elementor-widget-text-editor\" data-id=\"1878a26\" data-element_type=\"widget\" data-e-type=\"widget\" data-widget_type=\"text-editor.default\">\n\t\t\t\t<div class=\"elementor-widget-container\">\n\t\t\t\t\t\t\t\t\t<blockquote><p>Le point 8 des recommandations importantes inscrites \u00e0 la derni\u00e8re page de votre passeport souligne : \u00ab Le titulaire du passeport doit, s\u2019il se fixe \u00e0 l\u2019\u00e9tranger, se faire immatriculer au Consulat du Togo dans un d\u00e9lai de trois mois apr\u00e8s son arriv\u00e9e dans la circonscription consulaire \u00bb.<\/p><\/blockquote><p>\u00a0\u00a0\u00a0 La section Consulaire de l\u2019Ambassade vous conna\u00eet et est \u00e0 m\u00eame de vous aider dans vos relations avec les autorit\u00e9s locales, le cas \u00e9ch\u00e9ant.<\/p><p>\u00a0\u00a0\u00a0 Vous \u00eates inclus dans le dispositif mis en place pour assurer la s\u00e9curit\u00e9 de la communaut\u00e9 togolaise dans l\u2019\u00e9ventualit\u00e9 d\u2019une situation de crise et vous pourrez recevoir, si une telle situation se pr\u00e9sentait, les consignes et l\u2019assistance de l\u2019Ambassade.<\/p><blockquote><p>\u00a0\u00a0\u00a0 L\u2019inscription au Registre des Togolais \u00e9tablis hors du Togo all\u00e8ge les proc\u00e9dures administratives.<\/p><\/blockquote><p>\u00a0\u00a0\u00a0 De nombreuses d\u00e9marches administratives ainsi qu\u2019une mise en \u0153uvre rapide de votre protection, n\u00e9cessitent, au pr\u00e9alable, que vous soyez inscrit sur ce Registre, c\u2019est-\u00e0-dire recens\u00e9 \u00e0 l\u2019Ambassade.<\/p><p>\u00a0\u00a0\u00a0 Cette inscription joue un r\u00f4le important de recensement de la communaut\u00e9 togolaise et permet de rester en contact avec les Togolais pour les informer sur les d\u00e9cisions et \u00e9v\u00e9nements qui rythment la vie de la nation togolaise.<\/p><p>\u00a0\u00a0\u00a0 Elle est indispensable pour la d\u00e9livrance de la carte nationale d\u2019identit\u00e9, l\u2019\u00e9tablissement de procurations.<\/p><blockquote><p>\u00a0\u00a0\u00a0 La carte consulaire sert \u00e0 prouver aux autorit\u00e9s locales que vous \u00eates plac\u00e9 sous l\u2019autorit\u00e9 et la protection de la Repr\u00e9sentation Diplomatique du Togo.<\/p><\/blockquote><p>\u00a0\u00a0\u00a0 Ce document ne remplace nullement le passeport ou la carte nationale d\u2019identit\u00e9. Il n\u2019est ni un titre de voyage, ni un document d\u2019identit\u00e9 et ne vous dispense \u00e9videmment pas de l\u2019obligation de d\u00e9tenir une carte de r\u00e9sident d\u00e9livr\u00e9e par les autorit\u00e9s de ce pays.<\/p><blockquote><p>\u00a0\u00a0\u00a0 La carte consulaire prouve aux autorit\u00e9s que vous \u00eates un(e) Togolais(e) r\u00e9sidant r\u00e9guli\u00e8rement dans le pays. <strong>Elle est valable pour une dur\u00e9e de deux ans et elle est renouvelable<\/strong>.<\/p><\/blockquote><p>\u00a0\u00a0\u00a0 En cas de d\u00e9part d\u00e9finitif du pays, le d\u00e9tenteur d\u2019une carte consulaire devra la restituer aux autorit\u00e9s qui l\u2019ont \u00e9tablie.<\/p><p>\u00a0\u00a0\u00a0 Les informations fournies figurent dans le fichier consulaire. Elles sont strictement confidentielles et ne peuvent \u00eatre communiqu\u00e9es qu\u2019avec l\u2019accord au pr\u00e9alable des personnes concern\u00e9es qui gardent un droit personnel permanent d\u2019acc\u00e8s, de contr\u00f4le et de modification.<\/p>\t\t\t\t\t\t\t\t<\/div>\n\t\t\t\t<\/div>\n\t\t\t\t\t<\/div>\n\t\t<\/div>\n\t\t\t\t\t<\/div>\n\t\t<\/section>\n\t\t\t\t<section class=\"elementor-section elementor-top-section elementor-element elementor-element-ee28046 elementor-section-boxed elementor-section-height-default elementor-section-height-default\" data-id=\"ee28046\" data-element_type=\"section\" data-e-type=\"section\">\n\t\t\t\t\t\t<div class=\"elementor-container elementor-column-gap-default\">\n\t\t\t\t\t<div class=\"elementor-column elementor-col-100 elementor-top-column elementor-element elementor-element-cefe0ca\" data-id=\"cefe0ca\" data-element_type=\"column\" data-e-type=\"column\">\n\t\t\t<div class=\"elementor-widget-wrap elementor-element-populated\">\n\t\t\t\t\t\t<div class=\"elementor-element elementor-element-7e24b0b elementor-widget elementor-widget-heading\" data-id=\"7e24b0b\" data-element_type=\"widget\" data-e-type=\"widget\" data-widget_type=\"heading.default\">\n\t\t\t\t<div class=\"elementor-widget-container\">\n\t\t\t\t\t<h3 class=\"elementor-heading-title elementor-size-default\">Documents \u00e0 fournir:<\/h3>\t\t\t\t<\/div>\n\t\t\t\t<\/div>\n\t\t\t\t\t<\/div>\n\t\t<\/div>\n\t\t\t\t\t<\/div>\n\t\t<\/section>\n\t\t\t\t<section class=\"elementor-section elementor-top-section elementor-element elementor-element-d63d1e2 elementor-section-boxed elementor-section-height-default elementor-section-height-default\" data-id=\"d63d1e2\" data-element_type=\"section\" data-e-type=\"section\">\n\t\t\t\t\t\t<div class=\"elementor-container elementor-column-gap-default\">\n\t\t\t\t\t<div class=\"elementor-column elementor-col-100 elementor-top-column elementor-element elementor-element-bfbe921\" data-id=\"bfbe921\" data-element_type=\"column\" data-e-type=\"column\">\n\t\t\t<div class=\"elementor-widget-wrap elementor-element-populated\">\n\t\t\t\t\t\t<div class=\"elementor-element elementor-element-5931406 elementor-icon-list--layout-traditional elementor-list-item-link-full_width elementor-widget elementor-widget-icon-list\" data-id=\"5931406\" data-element_type=\"widget\" data-e-type=\"widget\" data-widget_type=\"icon-list.default\">\n\t\t\t\t<div class=\"elementor-widget-container\">\n\t\t\t\t\t\t\t<ul class=\"elementor-icon-list-items\">\n\t\t\t\t\t\t\t<li class=\"elementor-icon-list-item\">\n\t\t\t\t\t\t\t\t\t\t\t<span class=\"elementor-icon-list-icon\">\n\t\t\t\t\t\t\t<i aria-hidden=\"true\" class=\"far fa-id-card\"><\/i>\t\t\t\t\t\t<\/span>\n\t\t\t\t\t\t\t\t\t\t<span class=\"elementor-icon-list-text\">Une copie du passeport;<\/span>\n\t\t\t\t\t\t\t\t\t<\/li>\n\t\t\t\t\t\t\t\t<li class=\"elementor-icon-list-item\">\n\t\t\t\t\t\t\t\t\t\t\t<span class=\"elementor-icon-list-icon\">\n\t\t\t\t\t\t\t<i aria-hidden=\"true\" class=\"far fa-newspaper\"><\/i>\t\t\t\t\t\t<\/span>\n\t\t\t\t\t\t\t\t\t\t<span class=\"elementor-icon-list-text\">Un copie de la carte de r\u00e9sidence;<\/span>\n\t\t\t\t\t\t\t\t\t<\/li>\n\t\t\t\t\t\t\t\t<li class=\"elementor-icon-list-item\">\n\t\t\t\t\t\t\t\t\t\t\t<span class=\"elementor-icon-list-icon\">\n\t\t\t\t\t\t\t<i aria-hidden=\"true\" class=\"fas fa-id-card\"><\/i>\t\t\t\t\t\t<\/span>\n\t\t\t\t\t\t\t\t\t\t<span class=\"elementor-icon-list-text\">Une copie l\u00e9galis\u00e9e du Certificat de Nationalit\u00e9 Togolaise;<\/span>\n\t\t\t\t\t\t\t\t\t<\/li>\n\t\t\t\t\t\t\t\t<li class=\"elementor-icon-list-item\">\n\t\t\t\t\t\t\t\t\t\t\t<span class=\"elementor-icon-list-icon\">\n\t\t\t\t\t\t\t<i aria-hidden=\"true\" class=\"far fa-id-card\"><\/i>\t\t\t\t\t\t<\/span>\n\t\t\t\t\t\t\t\t\t\t<span class=\"elementor-icon-list-text\">Une copie l\u00e9galis\u00e9e du Certificat de Naissance;<\/span>\n\t\t\t\t\t\t\t\t\t<\/li>\n\t\t\t\t\t\t\t\t<li class=\"elementor-icon-list-item\">\n\t\t\t\t\t\t\t\t\t\t\t<span class=\"elementor-icon-list-icon\">\n\t\t\t\t\t\t\t<i aria-hidden=\"true\" class=\"fas fa-id-card\"><\/i>\t\t\t\t\t\t<\/span>\n\t\t\t\t\t\t\t\t\t\t<span class=\"elementor-icon-list-text\">L\u2019attestation de domicile (Facture d\u2019eau, d\u2019\u00e9lectricit\u00e9, de gaz ou de t\u00e9l\u00e9phone portant le nom du demandeur; (FACULTATIF)<\/span>\n\t\t\t\t\t\t\t\t\t<\/li>\n\t\t\t\t\t\t\t\t<li class=\"elementor-icon-list-item\">\n\t\t\t\t\t\t\t\t\t\t\t<span class=\"elementor-icon-list-icon\">\n\t\t\t\t\t\t\t<i aria-hidden=\"true\" class=\"far fa-image\"><\/i>\t\t\t\t\t\t<\/span>\n\t\t\t\t\t\t\t\t\t\t<span class=\"elementor-icon-list-text\">Deux (2) photos d\u2019identit\u00e9 en couleur vue de face;<\/span>\n\t\t\t\t\t\t\t\t\t<\/li>\n\t\t\t\t\t\t\t\t<li class=\"elementor-icon-list-item\">\n\t\t\t\t\t\t\t\t\t\t\t<span class=\"elementor-icon-list-icon\">\n\t\t\t\t\t\t\t<i aria-hidden=\"true\" class=\"fas fa-envelope\"><\/i>\t\t\t\t\t\t<\/span>\n\t\t\t\t\t\t\t\t\t\t<span class=\"elementor-icon-list-text\">Fournir votre adresse de r\u00e9sidence compl\u00e8te<\/span>\n\t\t\t\t\t\t\t\t\t<\/li>\n\t\t\t\t\t\t<\/ul>\n\t\t\t\t\t\t<\/div>\n\t\t\t\t<\/div>\n\t\t\t\t\t<\/div>\n\t\t<\/div>\n\t\t\t\t\t<\/div>\n\t\t<\/section>\n\t\t\t\t<section class=\"elementor-section elementor-top-section elementor-element elementor-element-b960e9b elementor-section-boxed elementor-section-height-default elementor-section-height-default\" data-id=\"b960e9b\" data-element_type=\"section\" data-e-type=\"section\">\n\t\t\t\t\t\t<div class=\"elementor-container elementor-column-gap-default\">\n\t\t\t\t\t<div class=\"elementor-column elementor-col-100 elementor-top-column elementor-element elementor-element-211bad9\" data-id=\"211bad9\" data-element_type=\"column\" data-e-type=\"column\">\n\t\t\t<div class=\"elementor-widget-wrap elementor-element-populated\">\n\t\t\t\t\t\t<div class=\"elementor-element elementor-element-ba77224 elementor-view-stacked elementor-shape-circle elementor-position-block-start elementor-mobile-position-block-start elementor-widget elementor-widget-icon-box\" data-id=\"ba77224\" data-element_type=\"widget\" data-e-type=\"widget\" data-widget_type=\"icon-box.default\">\n\t\t\t\t<div class=\"elementor-widget-container\">\n\t\t\t\t\t\t\t<div class=\"elementor-icon-box-wrapper\">\n\n\t\t\t\t\t\t<div class=\"elementor-icon-box-icon\">\n\t\t\t\t<a href=\"https:\/\/ambatogochine.com\/wp-content\/uploads\/2020\/01\/Fiche-Carte-Consulaire.pdf\" target=\"_blank\" class=\"elementor-icon\" tabindex=\"-1\" aria-label=\"T\u00e9l\u00e9charger le Formulaire de demande de Carte Consulaire.\">\n\t\t\t\t<i aria-hidden=\"true\" class=\"fas fa-download\"><\/i>\t\t\t\t<\/a>\n\t\t\t<\/div>\n\t\t\t\n\t\t\t\t\t\t<div class=\"elementor-icon-box-content\">\n\n\t\t\t\t\t\t\t\t\t<h3 class=\"elementor-icon-box-title\">\n\t\t\t\t\t\t<a href=\"https:\/\/ambatogochine.com\/wp-content\/uploads\/2020\/01\/Fiche-Carte-Consulaire.pdf\" target=\"_blank\" >\n\t\t\t\t\t\t\tT\u00e9l\u00e9charger le Formulaire de demande de Carte Consulaire.\t\t\t\t\t\t<\/a>\n\t\t\t\t\t<\/h3>\n\t\t\t\t\n\t\t\t\t\n\t\t\t<\/div>\n\t\t\t\n\t\t<\/div>\n\t\t\t\t\t\t<\/div>\n\t\t\t\t<\/div>\n\t\t\t\t\t<\/div>\n\t\t<\/div>\n\t\t\t\t\t<\/div>\n\t\t<\/section>\n\t\t\t\t<\/div>","protected":false},"excerpt":{"rendered":"<div class=\"mh-excerpt\"><p>Infos ! Elle est obligatoire pour toute personne devant r\u00e9sider plus de trois mois dans l\u2019un des pays de la juridiction de l\u2019Ambassade. Le point 8 des recommandations importantes inscrites \u00e0 la derni\u00e8re page de <a class=\"mh-excerpt-more\" href=\"https:\/\/ambatogochine.com\/zh\/cartes-consulaires\/\" title=\"\u9886\u4e8b\u5361\">[&#8230;]<\/a><\/p>\n<\/div>","protected":false},"author":4,"featured_media":0,"parent":0,"menu_order":0,"comment_status":"closed","ping_status":"closed","template":"","meta":{"footnotes":""},"class_list":["post-374","page","type-page","status-publish"],"yoast_head":"<!-- This site is optimized with the Yoast SEO plugin v26.7 - https:\/\/yoast.com\/wordpress\/plugins\/seo\/ -->\n<title>Cartes Consulaires - Ambassade du Togo en Chine \/ Embassy of Togo in China<\/title>\n<meta name=\"robots\" content=\"index, follow, max-snippet:-1, max-image-preview:large, max-video-preview:-1\" \/>\n<link rel=\"canonical\" href=\"https:\/\/ambatogochine.com\/zh\/cartes-consulaires\/\" \/>\n<meta property=\"og:locale\" content=\"zh_CN\" \/>\n<meta property=\"og:type\" content=\"article\" \/>\n<meta property=\"og:title\" content=\"Cartes Consulaires - Ambassade du Togo en Chine \/ Embassy of Togo in China\" \/>\n<meta property=\"og:description\" content=\"Infos ! Elle est obligatoire pour toute personne devant r\u00e9sider plus de trois mois dans l\u2019un des pays de la juridiction de l\u2019Ambassade. Le point 8 des recommandations importantes inscrites \u00e0 la derni\u00e8re page de [...]\" \/>\n<meta property=\"og:url\" content=\"https:\/\/ambatogochine.com\/zh\/cartes-consulaires\/\" \/>\n<meta property=\"og:site_name\" content=\"Ambassade du Togo en Chine \/ Embassy of Togo in China\" \/>\n<meta property=\"article:modified_time\" content=\"2020-02-06T16:47:45+00:00\" \/>\n<meta property=\"og:image\" content=\"https:\/\/ambatogochine.com\/wp-content\/uploads\/2019\/04\/ID-consular-card-300x209.png\" \/>\n<meta name=\"twitter:label1\" content=\"\u9884\u8ba1\u9605\u8bfb\u65f6\u95f4\" \/>\n\t<meta name=\"twitter:data1\" content=\"3 \u5206\" \/>\n<script type=\"application\/ld+json\" class=\"yoast-schema-graph\">{\"@context\":\"https:\/\/schema.org\",\"@graph\":[{\"@type\":\"WebPage\",\"@id\":\"https:\/\/ambatogochine.com\/cartes-consulaires\/\",\"url\":\"https:\/\/ambatogochine.com\/cartes-consulaires\/\",\"name\":\"Cartes Consulaires - Ambassade du Togo en Chine \/ Embassy of Togo in China\",\"isPartOf\":{\"@id\":\"https:\/\/ambatogochine.com\/#website\"},\"primaryImageOfPage\":{\"@id\":\"https:\/\/ambatogochine.com\/cartes-consulaires\/#primaryimage\"},\"image\":{\"@id\":\"https:\/\/ambatogochine.com\/cartes-consulaires\/#primaryimage\"},\"thumbnailUrl\":\"https:\/\/ambatogochine.com\/wp-content\/uploads\/2019\/04\/ID-consular-card-300x209.png\",\"datePublished\":\"2019-04-28T08:10:34+00:00\",\"dateModified\":\"2020-02-06T16:47:45+00:00\",\"breadcrumb\":{\"@id\":\"https:\/\/ambatogochine.com\/cartes-consulaires\/#breadcrumb\"},\"inLanguage\":\"zh-Hans\",\"potentialAction\":[{\"@type\":\"ReadAction\",\"target\":[\"https:\/\/ambatogochine.com\/cartes-consulaires\/\"]}]},{\"@type\":\"ImageObject\",\"inLanguage\":\"zh-Hans\",\"@id\":\"https:\/\/ambatogochine.com\/cartes-consulaires\/#primaryimage\",\"url\":\"https:\/\/ambatogochine.com\/wp-content\/uploads\/2019\/04\/ID-consular-card-300x209.png\",\"contentUrl\":\"https:\/\/ambatogochine.com\/wp-content\/uploads\/2019\/04\/ID-consular-card-300x209.png\"},{\"@type\":\"BreadcrumbList\",\"@id\":\"https:\/\/ambatogochine.com\/cartes-consulaires\/#breadcrumb\",\"itemListElement\":[{\"@type\":\"ListItem\",\"position\":1,\"name\":\"Accueil\",\"item\":\"https:\/\/ambatogochine.com\/\"},{\"@type\":\"ListItem\",\"position\":2,\"name\":\"Cartes Consulaires\"}]},{\"@type\":\"WebSite\",\"@id\":\"https:\/\/ambatogochine.com\/#website\",\"url\":\"https:\/\/ambatogochine.com\/\",\"name\":\"Ambassade du Togo en Chine | Embassy of Togo in China\",\"description\":\"Contact de l&#039;Ambassade du Togo en Chine \/ Contact of Embassy of Togo in China\",\"publisher\":{\"@id\":\"https:\/\/ambatogochine.com\/#organization\"},\"potentialAction\":[{\"@type\":\"SearchAction\",\"target\":{\"@type\":\"EntryPoint\",\"urlTemplate\":\"https:\/\/ambatogochine.com\/?s={search_term_string}\"},\"query-input\":{\"@type\":\"PropertyValueSpecification\",\"valueRequired\":true,\"valueName\":\"search_term_string\"}}],\"inLanguage\":\"zh-Hans\"},{\"@type\":\"Organization\",\"@id\":\"https:\/\/ambatogochine.com\/#organization\",\"name\":\"Ambassade du Togo en Chine \/ Embassy of Togo in China\",\"url\":\"https:\/\/ambatogochine.com\/\",\"logo\":{\"@type\":\"ImageObject\",\"inLanguage\":\"zh-Hans\",\"@id\":\"https:\/\/ambatogochine.com\/#\/schema\/logo\/image\/\",\"url\":\"https:\/\/ambatogochine.com\/wp-content\/uploads\/2019\/05\/Armoirie.png\",\"contentUrl\":\"https:\/\/ambatogochine.com\/wp-content\/uploads\/2019\/05\/Armoirie.png\",\"width\":512,\"height\":599,\"caption\":\"Ambassade du Togo en Chine \/ Embassy of Togo in China\"},\"image\":{\"@id\":\"https:\/\/ambatogochine.com\/#\/schema\/logo\/image\/\"}}]}<\/script>\n<!-- \/ Yoast SEO plugin. -->","yoast_head_json":{"title":"Cartes Consulaires - Ambassade du Togo en Chine \/ Embassy of Togo in China","robots":{"index":"index","follow":"follow","max-snippet":"max-snippet:-1","max-image-preview":"max-image-preview:large","max-video-preview":"max-video-preview:-1"},"canonical":"https:\/\/ambatogochine.com\/zh\/cartes-consulaires\/","og_locale":"zh_CN","og_type":"article","og_title":"Cartes Consulaires - Ambassade du Togo en Chine \/ Embassy of Togo in China","og_description":"Infos ! Elle est obligatoire pour toute personne devant r\u00e9sider plus de trois mois dans l\u2019un des pays de la juridiction de l\u2019Ambassade. Le point 8 des recommandations importantes inscrites \u00e0 la derni\u00e8re page de [...]","og_url":"https:\/\/ambatogochine.com\/zh\/cartes-consulaires\/","og_site_name":"Ambassade du Togo en Chine \/ Embassy of Togo in China","article_modified_time":"2020-02-06T16:47:45+00:00","og_image":[{"url":"https:\/\/ambatogochine.com\/wp-content\/uploads\/2019\/04\/ID-consular-card-300x209.png","type":"","width":"","height":""}],"twitter_misc":{"\u9884\u8ba1\u9605\u8bfb\u65f6\u95f4":"3 \u5206"},"schema":{"@context":"https:\/\/schema.org","@graph":[{"@type":"WebPage","@id":"https:\/\/ambatogochine.com\/cartes-consulaires\/","url":"https:\/\/ambatogochine.com\/cartes-consulaires\/","name":"Cartes Consulaires - Ambassade du Togo en Chine \/ Embassy of Togo in China","isPartOf":{"@id":"https:\/\/ambatogochine.com\/#website"},"primaryImageOfPage":{"@id":"https:\/\/ambatogochine.com\/cartes-consulaires\/#primaryimage"},"image":{"@id":"https:\/\/ambatogochine.com\/cartes-consulaires\/#primaryimage"},"thumbnailUrl":"https:\/\/ambatogochine.com\/wp-content\/uploads\/2019\/04\/ID-consular-card-300x209.png","datePublished":"2019-04-28T08:10:34+00:00","dateModified":"2020-02-06T16:47:45+00:00","breadcrumb":{"@id":"https:\/\/ambatogochine.com\/cartes-consulaires\/#breadcrumb"},"inLanguage":"zh-Hans","potentialAction":[{"@type":"ReadAction","target":["https:\/\/ambatogochine.com\/cartes-consulaires\/"]}]},{"@type":"ImageObject","inLanguage":"zh-Hans","@id":"https:\/\/ambatogochine.com\/cartes-consulaires\/#primaryimage","url":"https:\/\/ambatogochine.com\/wp-content\/uploads\/2019\/04\/ID-consular-card-300x209.png","contentUrl":"https:\/\/ambatogochine.com\/wp-content\/uploads\/2019\/04\/ID-consular-card-300x209.png"},{"@type":"BreadcrumbList","@id":"https:\/\/ambatogochine.com\/cartes-consulaires\/#breadcrumb","itemListElement":[{"@type":"ListItem","position":1,"name":"Accueil","item":"https:\/\/ambatogochine.com\/"},{"@type":"ListItem","position":2,"name":"Cartes Consulaires"}]},{"@type":"WebSite","@id":"https:\/\/ambatogochine.com\/#website","url":"https:\/\/ambatogochine.com\/","name":"Ambassade du Togo en Chine | Embassy of Togo in China","description":"Contact de l&#039;Ambassade du Togo en Chine \/ Contact of Embassy of Togo in China","publisher":{"@id":"https:\/\/ambatogochine.com\/#organization"},"potentialAction":[{"@type":"SearchAction","target":{"@type":"EntryPoint","urlTemplate":"https:\/\/ambatogochine.com\/?s={search_term_string}"},"query-input":{"@type":"PropertyValueSpecification","valueRequired":true,"valueName":"search_term_string"}}],"inLanguage":"zh-Hans"},{"@type":"Organization","@id":"https:\/\/ambatogochine.com\/#organization","name":"Ambassade du Togo en Chine \/ Embassy of Togo in China","url":"https:\/\/ambatogochine.com\/","logo":{"@type":"ImageObject","inLanguage":"zh-Hans","@id":"https:\/\/ambatogochine.com\/#\/schema\/logo\/image\/","url":"https:\/\/ambatogochine.com\/wp-content\/uploads\/2019\/05\/Armoirie.png","contentUrl":"https:\/\/ambatogochine.com\/wp-content\/uploads\/2019\/05\/Armoirie.png","width":512,"height":599,"caption":"Ambassade du Togo en Chine \/ Embassy of Togo in China"},"image":{"@id":"https:\/\/ambatogochine.com\/#\/schema\/logo\/image\/"}}]}},"_links":{"self":[{"href":"https:\/\/ambatogochine.com\/zh\/wp-json\/wp\/v2\/pages\/374","targetHints":{"allow":["GET"]}}],"collection":[{"href":"https:\/\/ambatogochine.com\/zh\/wp-json\/wp\/v2\/pages"}],"about":[{"href":"https:\/\/ambatogochine.com\/zh\/wp-json\/wp\/v2\/types\/page"}],"author":[{"embeddable":true,"href":"https:\/\/ambatogochine.com\/zh\/wp-json\/wp\/v2\/users\/4"}],"replies":[{"embeddable":true,"href":"https:\/\/ambatogochine.com\/zh\/wp-json\/wp\/v2\/comments?post=374"}],"version-history":[{"count":0,"href":"https:\/\/ambatogochine.com\/zh\/wp-json\/wp\/v2\/pages\/374\/revisions"}],"wp:attachment":[{"href":"https:\/\/ambatogochine.com\/zh\/wp-json\/wp\/v2\/media?parent=374"}],"curies":[{"name":"wp","href":"https:\/\/api.w.org\/{rel}","templated":true}]}}