{"id":2431,"date":"2024-05-06T13:11:35","date_gmt":"2024-05-06T05:11:35","guid":{"rendered":"https:\/\/ambatogochine.com\/?page_id=2431"},"modified":"2024-05-06T13:14:07","modified_gmt":"2024-05-06T05:14:07","slug":"representation-diplomatique-togolaise-a-letranger","status":"publish","type":"page","link":"https:\/\/ambatogochine.com\/zh\/representation-diplomatique-togolaise-a-letranger\/","title":{"rendered":"Repr\u00e9sentations diplomatique togolaises \u00e0 l&rsquo;\u00e9tranger"},"content":{"rendered":"","protected":false},"excerpt":{"rendered":"<div class=\"mh-excerpt\"><\/div>","protected":false},"author":4,"featured_media":0,"parent":0,"menu_order":0,"comment_status":"closed","ping_status":"closed","template":"","meta":{"footnotes":""},"class_list":["post-2431","page","type-page","status-publish"],"yoast_head":"<!-- This site is optimized with the Yoast SEO plugin v26.7 - https:\/\/yoast.com\/wordpress\/plugins\/seo\/ -->\n<title>Repr\u00e9sentations diplomatique togolaises \u00e0 l&#039;\u00e9tranger - Ambassade du Togo en Chine \/ Embassy of Togo in China<\/title>\n<meta name=\"robots\" content=\"index, follow, max-snippet:-1, max-image-preview:large, max-video-preview:-1\" \/>\n<link rel=\"canonical\" href=\"https:\/\/ambatogochine.com\/zh\/representation-diplomatique-togolaise-a-letranger\/\" \/>\n<meta property=\"og:locale\" content=\"zh_CN\" \/>\n<meta property=\"og:type\" content=\"article\" \/>\n<meta property=\"og:title\" content=\"Repr\u00e9sentations diplomatique togolaises \u00e0 l&#039;\u00e9tranger - Ambassade du Togo en Chine \/ Embassy of Togo in China\" \/>\n<meta property=\"og:url\" content=\"https:\/\/ambatogochine.com\/zh\/representation-diplomatique-togolaise-a-letranger\/\" \/>\n<meta property=\"og:site_name\" content=\"Ambassade du Togo en Chine \/ Embassy of Togo in China\" \/>\n<meta property=\"article:modified_time\" content=\"2024-05-06T05:14:07+00:00\" \/>\n<script type=\"application\/ld+json\" class=\"yoast-schema-graph\">{\"@context\":\"https:\/\/schema.org\",\"@graph\":[{\"@type\":\"WebPage\",\"@id\":\"https:\/\/ambatogochine.com\/representation-diplomatique-togolaise-a-letranger\/\",\"url\":\"https:\/\/ambatogochine.com\/representation-diplomatique-togolaise-a-letranger\/\",\"name\":\"Repr\u00e9sentations diplomatique togolaises \u00e0 l'\u00e9tranger - Ambassade du Togo en Chine \/ Embassy of Togo in China\",\"isPartOf\":{\"@id\":\"https:\/\/ambatogochine.com\/#website\"},\"datePublished\":\"2024-05-06T05:11:35+00:00\",\"dateModified\":\"2024-05-06T05:14:07+00:00\",\"breadcrumb\":{\"@id\":\"https:\/\/ambatogochine.com\/representation-diplomatique-togolaise-a-letranger\/#breadcrumb\"},\"inLanguage\":\"zh-Hans\",\"potentialAction\":[{\"@type\":\"ReadAction\",\"target\":[\"https:\/\/ambatogochine.com\/representation-diplomatique-togolaise-a-letranger\/\"]}]},{\"@type\":\"BreadcrumbList\",\"@id\":\"https:\/\/ambatogochine.com\/representation-diplomatique-togolaise-a-letranger\/#breadcrumb\",\"itemListElement\":[{\"@type\":\"ListItem\",\"position\":1,\"name\":\"Accueil\",\"item\":\"https:\/\/ambatogochine.com\/\"},{\"@type\":\"ListItem\",\"position\":2,\"name\":\"Repr\u00e9sentations diplomatique togolaises \u00e0 l&#8217;\u00e9tranger\"}]},{\"@type\":\"WebSite\",\"@id\":\"https:\/\/ambatogochine.com\/#website\",\"url\":\"https:\/\/ambatogochine.com\/\",\"name\":\"Ambassade du Togo en Chine | Embassy of Togo in China\",\"description\":\"Contact de l&#039;Ambassade du Togo en Chine \/ Contact of Embassy of Togo in China\",\"publisher\":{\"@id\":\"https:\/\/ambatogochine.com\/#organization\"},\"potentialAction\":[{\"@type\":\"SearchAction\",\"target\":{\"@type\":\"EntryPoint\",\"urlTemplate\":\"https:\/\/ambatogochine.com\/?s={search_term_string}\"},\"query-input\":{\"@type\":\"PropertyValueSpecification\",\"valueRequired\":true,\"valueName\":\"search_term_string\"}}],\"inLanguage\":\"zh-Hans\"},{\"@type\":\"Organization\",\"@id\":\"https:\/\/ambatogochine.com\/#organization\",\"name\":\"Ambassade du Togo en Chine \/ Embassy of Togo in China\",\"url\":\"https:\/\/ambatogochine.com\/\",\"logo\":{\"@type\":\"ImageObject\",\"inLanguage\":\"zh-Hans\",\"@id\":\"https:\/\/ambatogochine.com\/#\/schema\/logo\/image\/\",\"url\":\"https:\/\/ambatogochine.com\/wp-content\/uploads\/2019\/05\/Armoirie.png\",\"contentUrl\":\"https:\/\/ambatogochine.com\/wp-content\/uploads\/2019\/05\/Armoirie.png\",\"width\":512,\"height\":599,\"caption\":\"Ambassade du Togo en Chine \/ Embassy of Togo in China\"},\"image\":{\"@id\":\"https:\/\/ambatogochine.com\/#\/schema\/logo\/image\/\"}}]}<\/script>\n<!-- \/ Yoast SEO plugin. -->","yoast_head_json":{"title":"Repr\u00e9sentations diplomatique togolaises \u00e0 l'\u00e9tranger - Ambassade du Togo en Chine \/ Embassy of Togo in China","robots":{"index":"index","follow":"follow","max-snippet":"max-snippet:-1","max-image-preview":"max-image-preview:large","max-video-preview":"max-video-preview:-1"},"canonical":"https:\/\/ambatogochine.com\/zh\/representation-diplomatique-togolaise-a-letranger\/","og_locale":"zh_CN","og_type":"article","og_title":"Repr\u00e9sentations diplomatique togolaises \u00e0 l'\u00e9tranger - Ambassade du Togo en Chine \/ Embassy of Togo in China","og_url":"https:\/\/ambatogochine.com\/zh\/representation-diplomatique-togolaise-a-letranger\/","og_site_name":"Ambassade du Togo en Chine \/ Embassy of Togo in China","article_modified_time":"2024-05-06T05:14:07+00:00","schema":{"@context":"https:\/\/schema.org","@graph":[{"@type":"WebPage","@id":"https:\/\/ambatogochine.com\/representation-diplomatique-togolaise-a-letranger\/","url":"https:\/\/ambatogochine.com\/representation-diplomatique-togolaise-a-letranger\/","name":"Repr\u00e9sentations diplomatique togolaises \u00e0 l'\u00e9tranger - Ambassade du Togo en Chine \/ Embassy of Togo in China","isPartOf":{"@id":"https:\/\/ambatogochine.com\/#website"},"datePublished":"2024-05-06T05:11:35+00:00","dateModified":"2024-05-06T05:14:07+00:00","breadcrumb":{"@id":"https:\/\/ambatogochine.com\/representation-diplomatique-togolaise-a-letranger\/#breadcrumb"},"inLanguage":"zh-Hans","potentialAction":[{"@type":"ReadAction","target":["https:\/\/ambatogochine.com\/representation-diplomatique-togolaise-a-letranger\/"]}]},{"@type":"BreadcrumbList","@id":"https:\/\/ambatogochine.com\/representation-diplomatique-togolaise-a-letranger\/#breadcrumb","itemListElement":[{"@type":"ListItem","position":1,"name":"Accueil","item":"https:\/\/ambatogochine.com\/"},{"@type":"ListItem","position":2,"name":"Repr\u00e9sentations diplomatique togolaises \u00e0 l&#8217;\u00e9tranger"}]},{"@type":"WebSite","@id":"https:\/\/ambatogochine.com\/#website","url":"https:\/\/ambatogochine.com\/","name":"Ambassade du Togo en Chine | Embassy of Togo in China","description":"Contact de l&#039;Ambassade du Togo en Chine \/ Contact of Embassy of Togo in China","publisher":{"@id":"https:\/\/ambatogochine.com\/#organization"},"potentialAction":[{"@type":"SearchAction","target":{"@type":"EntryPoint","urlTemplate":"https:\/\/ambatogochine.com\/?s={search_term_string}"},"query-input":{"@type":"PropertyValueSpecification","valueRequired":true,"valueName":"search_term_string"}}],"inLanguage":"zh-Hans"},{"@type":"Organization","@id":"https:\/\/ambatogochine.com\/#organization","name":"Ambassade du Togo en Chine \/ Embassy of Togo in China","url":"https:\/\/ambatogochine.com\/","logo":{"@type":"ImageObject","inLanguage":"zh-Hans","@id":"https:\/\/ambatogochine.com\/#\/schema\/logo\/image\/","url":"https:\/\/ambatogochine.com\/wp-content\/uploads\/2019\/05\/Armoirie.png","contentUrl":"https:\/\/ambatogochine.com\/wp-content\/uploads\/2019\/05\/Armoirie.png","width":512,"height":599,"caption":"Ambassade du Togo en Chine \/ Embassy of Togo in China"},"image":{"@id":"https:\/\/ambatogochine.com\/#\/schema\/logo\/image\/"}}]}},"_links":{"self":[{"href":"https:\/\/ambatogochine.com\/zh\/wp-json\/wp\/v2\/pages\/2431","targetHints":{"allow":["GET"]}}],"collection":[{"href":"https:\/\/ambatogochine.com\/zh\/wp-json\/wp\/v2\/pages"}],"about":[{"href":"https:\/\/ambatogochine.com\/zh\/wp-json\/wp\/v2\/types\/page"}],"author":[{"embeddable":true,"href":"https:\/\/ambatogochine.com\/zh\/wp-json\/wp\/v2\/users\/4"}],"replies":[{"embeddable":true,"href":"https:\/\/ambatogochine.com\/zh\/wp-json\/wp\/v2\/comments?post=2431"}],"version-history":[{"count":0,"href":"https:\/\/ambatogochine.com\/zh\/wp-json\/wp\/v2\/pages\/2431\/revisions"}],"wp:attachment":[{"href":"https:\/\/ambatogochine.com\/zh\/wp-json\/wp\/v2\/media?parent=2431"}],"curies":[{"name":"wp","href":"https:\/\/api.w.org\/{rel}","templated":true}]}}